{"id":13687,"date":"2014-03-25T10:53:32","date_gmt":"2014-03-25T10:53:32","guid":{"rendered":"http:\/\/demo.qodeinteractive.com\/bridge\/?page_id=13687"},"modified":"2015-12-10T20:19:24","modified_gmt":"2015-12-10T20:19:24","slug":"articulos","status":"publish","type":"page","link":"http:\/\/blaservices.com.mx\/inicio\/articulos\/","title":{"rendered":"Art\u00edculos"},"content":{"rendered":"<p>[vc_row row_type=&#8221;row&#8221; type=&#8221;grid&#8221; text_align=&#8221;left&#8221; padding_top=&#8221;87&#8243; padding_bottom=&#8221;30&#8243; use_row_as_full_screen_section=&#8221;no&#8221; parallax_content_width=&#8221;in_grid&#8221; angled_section=&#8221;no&#8221; angled_section_position=&#8221;both&#8221; angled_section_direction=&#8221;from_left_to_right&#8221; background_image_as_pattern=&#8221;without_pattern&#8221; background_color=&#8221;#ffffff&#8221; row_negative_margin=&#8221;&#8221;][vc_column width=&#8221;1\/1&#8243;][vc_row_inner][vc_column_inner width=&#8221;1\/1&#8243;]<div class='q_masonry_blog'><div class=\"q_masonry_blog_grid_sizer\"><\/div><div class=\"q_masonry_blog_grid_gutter\"><\/div><article  class='post-15309 post type-post status-publish format-standard has-post-thumbnail hentry category-blog category-uncategorized '><div class=\"q_masonry_blog_post_image\"><a itemprop=\"url\" href=\"http:\/\/blaservices.com.mx\/inicio\/2016\/09\/02\/articulos-de-la-revista-praxis-de-la-justicia-fiscal-y-administrativa\/\" target=\"_self\"><img itemprop=\"image\" src=\"http:\/\/blaservices.com.mx\/inicio\/wp-content\/uploads\/2016\/09\/1168056_89855414-e1368046293636.jpg\" \/><\/a><\/div><div class=\"q_masonry_blog_post_text\"><h2 itemprop=\"name\" class=\"q_masonry_blog_title entry_title\"><a itemprop=\"url\" href=\"http:\/\/blaservices.com.mx\/inicio\/2016\/09\/02\/articulos-de-la-revista-praxis-de-la-justicia-fiscal-y-administrativa\/\">Art\u00edculos de la revista Praxis de la Justicia fiscal y administrativa<\/a><\/h2><p itemprop=\"description\" class=\"q_masonry_blog_excerpt\">A continuaci\u00f3n se encuentran algunos\u00a0art\u00edculos\u00a0de la revista Praxis de la Justicia fiscal y administrativa, para su descarga y lectura. Resoluci\u00f3n sobre la rescisi\u00f3n administrativa en contratos petroleros: \u00bfJuicio de nulidad? o \u00bfAmparo indirecto? \u00a0\/ DESCARGA AQU\u00cd Litis Abierta. Reflexiones sobre el nuevo enfoque de la......<\/p><div class=\"q_masonry_blog_post_info\"><\/div><\/div><\/article><article  class='post-15233 post type-post status-publish format-standard has-post-thumbnail hentry category-blog category-uncategorized '><div class=\"q_masonry_blog_post_image\"><a itemprop=\"url\" href=\"http:\/\/blaservices.com.mx\/inicio\/2015\/12\/18\/administrative-rescission-clause-in-hydrocarbons\/\" target=\"_self\"><img itemprop=\"image\" src=\"http:\/\/blaservices.com.mx\/inicio\/wp-content\/uploads\/2015\/12\/oil_rig_louisiana.jpg\" \/><\/a><\/div><div class=\"q_masonry_blog_post_text\"><h2 itemprop=\"name\" class=\"q_masonry_blog_title entry_title\"><a itemprop=\"url\" href=\"http:\/\/blaservices.com.mx\/inicio\/2015\/12\/18\/administrative-rescission-clause-in-hydrocarbons\/\">ADMINISTRATIVE RESCISSION CLAUSE IN HYDROCARBONS\u2019 EXPLORATION AND EXTRACTION CONTRACTS<\/a><\/h2><p itemprop=\"description\" class=\"q_masonry_blog_excerpt\">Miguel Angel Marmolejo Cervantes\u00a0[1] The purpose of this article is to summarize a more profound and detailed research contained in the paper known as (Non)-arbitrability of the \u201cadministrative rescission\u201d in hydrocarbons\u2019 contracts based on a constitutional and international investment law perspective, which performs an analysis......<\/p><div class=\"q_masonry_blog_post_info\"><\/div><\/div><\/article><article  class='post-302 post type-post status-publish format-standard has-post-thumbnail hentry category-blog '><div class=\"q_masonry_blog_post_image\"><a itemprop=\"url\" href=\"http:\/\/blaservices.com.mx\/inicio\/2015\/07\/23\/pensamiento-reflexivo-sobre-la-prudencia-constitucional-en-el-ejercicio-de-la-facultad-anulatoria-contenida-en-el-articulo-69-b-del-cff\/\" target=\"_self\"><img itemprop=\"image\" src=\"http:\/\/blaservices.com.mx\/inicio\/wp-content\/uploads\/2015\/07\/timthumb.php_.jpeg\" \/><\/a><\/div><div class=\"q_masonry_blog_post_text\"><h2 itemprop=\"name\" class=\"q_masonry_blog_title entry_title\"><a itemprop=\"url\" href=\"http:\/\/blaservices.com.mx\/inicio\/2015\/07\/23\/pensamiento-reflexivo-sobre-la-prudencia-constitucional-en-el-ejercicio-de-la-facultad-anulatoria-contenida-en-el-articulo-69-b-del-cff\/\">Pensamiento Reflexivo Sobre La Prudencia Constitucional En El Ejercicio De La Facultad Anulatoria Contenida En El Art\u00edculo 69-B Del Cff<\/a><\/h2><p itemprop=\"description\" class=\"q_masonry_blog_excerpt\">Extracto: &#8220;Por: Dr. Miguel \u00c1ngel Marmolejo Cervantes 1 C. Ingrid Saucedo2 HIP\u00d3TESIS: El presente art\u00edculo tiene como finalidad el realizar un estudio-ensayo sobre el ejercicio constitucional-convencional de la facultad anulatoria contenida en el art\u00edculo 69-B del C\u00f3digo Fiscal de la Federaci\u00f3n, a la luz de......<\/p><div class=\"q_masonry_blog_post_info\"><\/div><\/div><\/article><article  class='post-292 post type-post status-publish format-standard has-post-thumbnail hentry category-blog '><div class=\"q_masonry_blog_post_image\"><a itemprop=\"url\" href=\"http:\/\/blaservices.com.mx\/inicio\/2015\/07\/23\/firma-de-convenio-de-colaboracion-con-el-citfjfa\/\" target=\"_self\"><img itemprop=\"image\" src=\"http:\/\/blaservices.com.mx\/inicio\/wp-content\/uploads\/2015\/07\/01.jpg\" \/><\/a><\/div><div class=\"q_masonry_blog_post_text\"><h2 itemprop=\"name\" class=\"q_masonry_blog_title entry_title\"><a itemprop=\"url\" href=\"http:\/\/blaservices.com.mx\/inicio\/2015\/07\/23\/firma-de-convenio-de-colaboracion-con-el-citfjfa\/\">Firma de convenio de colaboraci\u00f3n con el CITFJFA<\/a><\/h2><p itemprop=\"description\" class=\"q_masonry_blog_excerpt\">\u00a0A continuaci\u00f3n las fotos de la firma de convenio de colaboraci\u00f3n con el Centro de Investigaciones del Tribunal Federal de Justicia Fiscal y Administrativa....<\/p><div class=\"q_masonry_blog_post_info\"><\/div><\/div><\/article><article  class='post-286 post type-post status-publish format-standard has-post-thumbnail hentry category-blog '><div class=\"q_masonry_blog_post_image\"><a itemprop=\"url\" href=\"http:\/\/blaservices.com.mx\/inicio\/2015\/07\/23\/firma-convenio-de-colaboracion-con-el-instituto-de-investigaciones-juridicas-unam\/\" target=\"_self\"><img itemprop=\"image\" src=\"http:\/\/blaservices.com.mx\/inicio\/wp-content\/uploads\/2015\/07\/011.jpg\" \/><\/a><\/div><div class=\"q_masonry_blog_post_text\"><h2 itemprop=\"name\" class=\"q_masonry_blog_title entry_title\"><a itemprop=\"url\" href=\"http:\/\/blaservices.com.mx\/inicio\/2015\/07\/23\/firma-convenio-de-colaboracion-con-el-instituto-de-investigaciones-juridicas-unam\/\">Firma convenio de colaboraci\u00f3n con el Instituto de Investigaciones Jur\u00eddicas UNAM<\/a><\/h2><p itemprop=\"description\" class=\"q_masonry_blog_excerpt\">\u00a0...<\/p><div class=\"q_masonry_blog_post_info\"><\/div><\/div><\/article><article  class='post-283 post type-post status-publish format-standard has-post-thumbnail hentry category-blog '><div class=\"q_masonry_blog_post_image\"><a itemprop=\"url\" href=\"http:\/\/blaservices.com.mx\/inicio\/2015\/07\/23\/litis-abierta-reflexiones-sobre-el-nuevo-enfoque-de-la-sala-superior-del-tfjfa-a-la-luz-del-principio-de-jerarquia-jurisprudencial-y-del-control-de-convencionalidad-y-constitucionalidad\/\" target=\"_self\"><img itemprop=\"image\" src=\"http:\/\/blaservices.com.mx\/inicio\/wp-content\/uploads\/2015\/07\/image00511.jpg\" \/><\/a><\/div><div class=\"q_masonry_blog_post_text\"><h2 itemprop=\"name\" class=\"q_masonry_blog_title entry_title\"><a itemprop=\"url\" href=\"http:\/\/blaservices.com.mx\/inicio\/2015\/07\/23\/litis-abierta-reflexiones-sobre-el-nuevo-enfoque-de-la-sala-superior-del-tfjfa-a-la-luz-del-principio-de-jerarquia-jurisprudencial-y-del-control-de-convencionalidad-y-constitucionalidad\/\">Litis Abierta. Reflexiones sobre el nuevo enfoque de la Sala Superior del TFJFA a la luz del Principio de Jerarqu\u00eda Jurisprudencial y del Control de Convencionalidad y Constitucionalidad<\/a><\/h2><p itemprop=\"description\" class=\"q_masonry_blog_excerpt\">(De la Editorial del n\u00famero 11 de la Revista PRAXIS de la Justicia Fiscal y Administrativa) &nbsp; Hace un a\u00f1o, en un primer borrador de la Editorial del n\u00famero 8 de esta revista, la entonces Subdirecci\u00f3n de Investigaci\u00f3n de este Centro de Estudios Superiores planteaba......<\/p><div class=\"q_masonry_blog_post_info\"><\/div><\/div><\/article><article  class='post-280 post type-post status-publish format-standard has-post-thumbnail hentry category-blog '><div class=\"q_masonry_blog_post_image\"><a itemprop=\"url\" href=\"http:\/\/blaservices.com.mx\/inicio\/2015\/07\/23\/obra-conmemorativa-por-la-promulgacion-de-los-20-anos-de-la-ley-federal-de-correduria-publica\/\" target=\"_self\"><img itemprop=\"image\" src=\"http:\/\/blaservices.com.mx\/inicio\/wp-content\/uploads\/2011\/07\/correduria_publica_11_03.jpg\" \/><\/a><\/div><div class=\"q_masonry_blog_post_text\"><h2 itemprop=\"name\" class=\"q_masonry_blog_title entry_title\"><a itemprop=\"url\" href=\"http:\/\/blaservices.com.mx\/inicio\/2015\/07\/23\/obra-conmemorativa-por-la-promulgacion-de-los-20-anos-de-la-ley-federal-de-correduria-publica\/\">Obra conmemorativa por la promulgaci\u00f3n de los 20 a\u00f1os de la Ley Federal de Corredur\u00eda P\u00fablica.<\/a><\/h2><p itemprop=\"description\" class=\"q_masonry_blog_excerpt\">Publicado en: Obra Conmemorativa por la\u00a0Promulgaci\u00f3n de los 20 a\u00f1os de la\u00a0Ley Federal de Corredur\u00eda P\u00fablica Extracto, pag. 117 &nbsp; &nbsp; DESCARGAR DOCUMENTO COMPLETO &nbsp; &nbsp; Dr. Miguel \u00c1ngel Marmolejo Cervantes Corredor P\u00fablico No. 11 de la Plaza del Estado de Aguascalientes y Presidente del......<\/p><div class=\"q_masonry_blog_post_info\"><\/div><\/div><\/article><article  class='post-277 post type-post status-publish format-standard has-post-thumbnail hentry category-blog '><div class=\"q_masonry_blog_post_image\"><a itemprop=\"url\" href=\"http:\/\/blaservices.com.mx\/inicio\/2015\/07\/23\/se-trabaja-para-que-aguascalientes-sea-ahora-el-lugar-de-las-embajadas\/\" target=\"_self\"><img itemprop=\"image\" src=\"http:\/\/blaservices.com.mx\/inicio\/wp-content\/uploads\/2015\/07\/centro-de-aguascalientes-619x348.jpg\" \/><\/a><\/div><div class=\"q_masonry_blog_post_text\"><h2 itemprop=\"name\" class=\"q_masonry_blog_title entry_title\"><a itemprop=\"url\" href=\"http:\/\/blaservices.com.mx\/inicio\/2015\/07\/23\/se-trabaja-para-que-aguascalientes-sea-ahora-el-lugar-de-las-embajadas\/\">Se trabaja para que Aguascalientes sea ahora el lugar de las embajadas<\/a><\/h2><p itemprop=\"description\" class=\"q_masonry_blog_excerpt\">...<\/p><div class=\"q_masonry_blog_post_info\"><\/div><\/div><\/article><article  class='post-274 post type-post status-publish format-standard has-post-thumbnail hentry category-blog '><div class=\"q_masonry_blog_post_image\"><a itemprop=\"url\" href=\"http:\/\/blaservices.com.mx\/inicio\/2015\/07\/23\/revista-praxis-de-la-justicia-fiscal-y-administrativa\/\" target=\"_self\"><img itemprop=\"image\" src=\"http:\/\/blaservices.com.mx\/inicio\/wp-content\/uploads\/2015\/07\/timthumb.php_.jpeg\" \/><\/a><\/div><div class=\"q_masonry_blog_post_text\"><h2 itemprop=\"name\" class=\"q_masonry_blog_title entry_title\"><a itemprop=\"url\" href=\"http:\/\/blaservices.com.mx\/inicio\/2015\/07\/23\/revista-praxis-de-la-justicia-fiscal-y-administrativa\/\">REVISTA PRAXIS DE LA JUSTICIA FISCAL Y ADMINISTRATIVA<\/a><\/h2><p itemprop=\"description\" class=\"q_masonry_blog_excerpt\">http:\/\/www.tfjfa.gob.mx\/investigaciones\/intropraxis.php \u00a0http:\/\/www.tfjfa.gob.mx\/investigaciones\/rev14.html....<\/p><div class=\"q_masonry_blog_post_info\"><\/div><\/div><\/article><article  class='post-271 post type-post status-publish format-standard has-post-thumbnail hentry category-blog '><div class=\"q_masonry_blog_post_image\"><a itemprop=\"url\" href=\"http:\/\/blaservices.com.mx\/inicio\/2015\/07\/23\/discriminacion-de-los-accionistas-minoritarios-en-la-sociedad-anonima-violacion-a-sus-derechos-humanos\/\" target=\"_self\"><img itemprop=\"image\" src=\"http:\/\/blaservices.com.mx\/inicio\/wp-content\/uploads\/2015\/07\/blaservices.jpg\" \/><\/a><\/div><div class=\"q_masonry_blog_post_text\"><h2 itemprop=\"name\" class=\"q_masonry_blog_title entry_title\"><a itemprop=\"url\" href=\"http:\/\/blaservices.com.mx\/inicio\/2015\/07\/23\/discriminacion-de-los-accionistas-minoritarios-en-la-sociedad-anonima-violacion-a-sus-derechos-humanos\/\">Discriminaci\u00f3n de los accionistas minoritarios en la sociedad an\u00f3nima, \u00bfViolaci\u00f3n a sus derechos humanos?<\/a><\/h2><p itemprop=\"description\" class=\"q_masonry_blog_excerpt\">Puedes descargar el art\u00edculo en PDF para su lectura\u00a0AQU\u00cd...<\/p><div class=\"q_masonry_blog_post_info\"><\/div><\/div><\/article><article  class='post-269 post type-post status-publish format-standard has-post-thumbnail hentry category-blog '><div class=\"q_masonry_blog_post_image\"><a itemprop=\"url\" href=\"http:\/\/blaservices.com.mx\/inicio\/2015\/07\/23\/articulotres\/\" target=\"_self\"><img itemprop=\"image\" src=\"http:\/\/blaservices.com.mx\/inicio\/wp-content\/uploads\/2015\/07\/timthumb.php_.jpeg\" \/><\/a><\/div><div class=\"q_masonry_blog_post_text\"><h2 itemprop=\"name\" class=\"q_masonry_blog_title entry_title\"><a itemprop=\"url\" href=\"http:\/\/blaservices.com.mx\/inicio\/2015\/07\/23\/articulotres\/\">Modificaci\u00f3n del criterio Jurisprudencial en Materia de litis abierta, \u00bfun acto de descontrol de constitucionalidad y convencionalidad a cargo de la scJn?<\/a><\/h2><p itemprop=\"description\" class=\"q_masonry_blog_excerpt\">Descargar documento\u00a0AQU\u00cd...<\/p><div class=\"q_masonry_blog_post_info\"><\/div><\/div><\/article><article  class='post-266 post type-post status-publish format-standard has-post-thumbnail hentry category-blog '><div class=\"q_masonry_blog_post_image\"><a itemprop=\"url\" href=\"http:\/\/blaservices.com.mx\/inicio\/2015\/07\/23\/amparo-directo-7402010-tribunal-colegiado-de-circuito\/\" target=\"_self\"><img itemprop=\"image\" src=\"http:\/\/blaservices.com.mx\/inicio\/wp-content\/uploads\/2015\/07\/justicia-cotidiana.jpg\" \/><\/a><\/div><div class=\"q_masonry_blog_post_text\"><h2 itemprop=\"name\" class=\"q_masonry_blog_title entry_title\"><a itemprop=\"url\" href=\"http:\/\/blaservices.com.mx\/inicio\/2015\/07\/23\/amparo-directo-7402010-tribunal-colegiado-de-circuito\/\">Amparo Directo 740\/2010 Tribunal Colegiado de Circuito<\/a><\/h2><p itemprop=\"description\" class=\"q_masonry_blog_excerpt\">Descargar reporte \u00a0\u00a0http:\/\/innovajure.com\/AmparoDirecto.pdf...<\/p><div class=\"q_masonry_blog_post_info\"><\/div><\/div><\/article><article  class='post-261 post type-post status-publish format-standard has-post-thumbnail hentry category-blog '><div class=\"q_masonry_blog_post_image\"><a itemprop=\"url\" href=\"http:\/\/blaservices.com.mx\/inicio\/2015\/07\/23\/articulodos\/\" target=\"_self\"><img itemprop=\"image\" src=\"http:\/\/blaservices.com.mx\/inicio\/wp-content\/uploads\/2015\/07\/image006.jpg\" \/><\/a><\/div><div class=\"q_masonry_blog_post_text\"><h2 itemprop=\"name\" class=\"q_masonry_blog_title entry_title\"><a itemprop=\"url\" href=\"http:\/\/blaservices.com.mx\/inicio\/2015\/07\/23\/articulodos\/\">Ampliaci\u00f3n de la Responsabilidad subsidiaria-solidaria del ente societario a la luz de la evoluci\u00f3n de la teor\u00eda del levantamiento del velo corporativo:<\/a><\/h2><p itemprop=\"description\" class=\"q_masonry_blog_excerpt\">\u00bfOportunidad invaluable del SAT para combatir la elusi\u00f3n y evasi\u00f3n Fiscal? Descargar para su lectura\u00a0\u00a0AQUI...<\/p><div class=\"q_masonry_blog_post_info\"><\/div><\/div><\/article><article  class='post-200 post type-post status-publish format-standard hentry category-blog '><div class=\"q_masonry_blog_post_image\"><\/div><div class=\"q_masonry_blog_post_text\"><h2 itemprop=\"name\" class=\"q_masonry_blog_title entry_title\"><a itemprop=\"url\" href=\"http:\/\/blaservices.com.mx\/inicio\/2011\/10\/24\/invitacion-a-la-semana-de-la-contaduria-publica-del-25-al-27-de-octubre-2011\/\">Invitaci\u00f3n a la semana de la Contadur\u00eda P\u00fablica, del 25 al 27 de Octubre 2011<\/a><\/h2><p itemprop=\"description\" class=\"q_masonry_blog_excerpt\">&nbsp; En los Siguientes enlaces se muestra la informaci\u00f3n: CURRICULUM ASPECTOS SOCIETARIOS RELEVANTES ACUIDAR EN LAS EMPRESAS &nbsp;...<\/p><div class=\"q_masonry_blog_post_info\"><\/div><\/div><\/article><article  class='post-192 post type-post status-publish format-standard has-post-thumbnail hentry category-blog '><div class=\"q_masonry_blog_post_image\"><a itemprop=\"url\" href=\"http:\/\/blaservices.com.mx\/inicio\/2011\/08\/30\/reporte-de-actividades-y-reflexiones-sobre-el-foro-mexico-emprende-llevado-a-cabo-en-el-l-a-convention-center\/\" target=\"_self\"><img itemprop=\"image\" src=\"http:\/\/blaservices.com.mx\/inicio\/wp-content\/uploads\/2011\/08\/ExpoVerduzco.jpg\" \/><\/a><\/div><div class=\"q_masonry_blog_post_text\"><h2 itemprop=\"name\" class=\"q_masonry_blog_title entry_title\"><a itemprop=\"url\" href=\"http:\/\/blaservices.com.mx\/inicio\/2011\/08\/30\/reporte-de-actividades-y-reflexiones-sobre-el-foro-mexico-emprende-llevado-a-cabo-en-el-l-a-convention-center\/\">REPORTE DE ACTIVIDADES  Y REFLEXIONES SOBRE EL FORO MEXICO EMPRENDE, LLEVADO A CABO EN EL L.A. CONVENTION CENTER.<\/a><\/h2><p itemprop=\"description\" class=\"q_masonry_blog_excerpt\">Descargar en PDF: Reporte de Actividades y Reflexiones Mexico Emprende 2011 LIC. JAN R. BOKER REGENS Director General. Direcci\u00f3n General de Normatividad Mercantil. Secretar\u00eda de Econom\u00eda. P r e s e n t e Primeramente agradezco la oportunidad y responsabilidad de haber representado a la......<\/p><div class=\"q_masonry_blog_post_info\"><\/div><\/div><\/article><article  class='post-14880 post type-post status-publish format-standard has-post-thumbnail hentry category-blog '><div class=\"q_masonry_blog_post_image\"><a itemprop=\"url\" href=\"http:\/\/blaservices.com.mx\/inicio\/2011\/08\/17\/pymes-triptico-bla\/\" target=\"_self\"><img itemprop=\"image\" src=\"http:\/\/blaservices.com.mx\/inicio\/wp-content\/uploads\/2011\/08\/scan1012.jpg\" \/><\/a><\/div><div class=\"q_masonry_blog_post_text\"><h2 itemprop=\"name\" class=\"q_masonry_blog_title entry_title\"><a itemprop=\"url\" href=\"http:\/\/blaservices.com.mx\/inicio\/2011\/08\/17\/pymes-triptico-bla\/\">PYMES\/ Serv\u00edcios Legales, corredur\u00eda p\u00fablica<\/a><\/h2><p itemprop=\"description\" class=\"q_masonry_blog_excerpt\">...<\/p><div class=\"q_masonry_blog_post_info\"><\/div><\/div><\/article><article  class='post-115 post type-post status-publish format-standard has-post-thumbnail hentry category-blog '><div class=\"q_masonry_blog_post_image\"><a itemprop=\"url\" href=\"http:\/\/blaservices.com.mx\/inicio\/2011\/06\/28\/quiere-usted-tener-una-orientacion-de-cuanto-vale-el-inmueble-que-quiere-comprar-o-vender\/\" target=\"_self\"><img itemprop=\"image\" src=\"http:\/\/blaservices.com.mx\/inicio\/wp-content\/uploads\/2011\/06\/avaluo1.jpg\" \/><\/a><\/div><div class=\"q_masonry_blog_post_text\"><h2 itemprop=\"name\" class=\"q_masonry_blog_title entry_title\"><a itemprop=\"url\" href=\"http:\/\/blaservices.com.mx\/inicio\/2011\/06\/28\/quiere-usted-tener-una-orientacion-de-cuanto-vale-el-inmueble-que-quiere-comprar-o-vender\/\">\u00bfQuiere usted una orientaci\u00f3n de c\u00f3mo comprar o vender?<\/a><\/h2><p itemprop=\"description\" class=\"q_masonry_blog_excerpt\">\u00bfQu\u00e9 es un Aval\u00fao? Es una estimaci\u00f3n de valor, donde valor significa la val\u00eda monetaria o utilidad de un objeto para alguien para alg\u00fan prop\u00f3sito. Valor de mercado puede definirse simplemente como el precio de venta mas probable de una propiedad. Aval\u00faos formales Un aval\u00fao......<\/p><div class=\"q_masonry_blog_post_info\"><\/div><\/div><\/article><article  class='post-109 post type-post status-publish format-standard has-post-thumbnail hentry category-blog '><div class=\"q_masonry_blog_post_image\"><a itemprop=\"url\" href=\"http:\/\/blaservices.com.mx\/inicio\/2011\/06\/28\/origenes-del-corredor-publico\/\" target=\"_self\"><img itemprop=\"image\" src=\"http:\/\/blaservices.com.mx\/inicio\/wp-content\/uploads\/2011\/07\/correduria_publica_11.jpg\" \/><\/a><\/div><div class=\"q_masonry_blog_post_text\"><h2 itemprop=\"name\" class=\"q_masonry_blog_title entry_title\"><a itemprop=\"url\" href=\"http:\/\/blaservices.com.mx\/inicio\/2011\/06\/28\/origenes-del-corredor-publico\/\">Or\u00edgenes del Corredor P\u00fablico<\/a><\/h2><p itemprop=\"description\" class=\"q_masonry_blog_excerpt\">Or\u00edgenes del Corredor P\u00fablico El\u00a0Corredor P\u00fablico\u00a0siempre ha satisfecho una necesidad social y econ\u00f3mica. En la historia de las antiguas civilizaciones como la egipcia, fenicia, griega o romana, estuvo presente dentro de su comercio un experto en mercader\u00edas que cumpl\u00eda con varias funciones; desde las primeras......<\/p><div class=\"q_masonry_blog_post_info\"><\/div><\/div><\/article><article  class='post-90 post type-post status-publish format-standard has-post-thumbnail hentry category-blog '><div class=\"q_masonry_blog_post_image\"><a itemprop=\"url\" href=\"http:\/\/blaservices.com.mx\/inicio\/2011\/06\/28\/lorant-martinez-salas-alcanza-40-anos-de-exito\/\" target=\"_self\"><img itemprop=\"image\" src=\"http:\/\/blaservices.com.mx\/inicio\/wp-content\/uploads\/2011\/06\/foto04.jpg\" \/><\/a><\/div><div class=\"q_masonry_blog_post_text\"><h2 itemprop=\"name\" class=\"q_masonry_blog_title entry_title\"><a itemprop=\"url\" href=\"http:\/\/blaservices.com.mx\/inicio\/2011\/06\/28\/lorant-martinez-salas-alcanza-40-anos-de-exito\/\">Lorant Mart\u00ednez Salas alcanza 40 a\u00f1os de \u00e9xito. Lorant Martinez Salas reaches 40 years of success<\/a><\/h2><p itemprop=\"description\" class=\"q_masonry_blog_excerpt\">...<\/p><div class=\"q_masonry_blog_post_info\"><\/div><\/div><\/article><\/div>[vc_separator type=&#8221;transparent&#8221; position=&#8221;center&#8221; up=&#8221;56&#8243; down=&#8221;0&#8243;][\/vc_column_inner][\/vc_row_inner][\/vc_column][\/vc_row]<\/p>\n","protected":false},"excerpt":{"rendered":"<p>[vc_row row_type=&#8221;row&#8221; type=&#8221;grid&#8221; text_align=&#8221;left&#8221; padding_top=&#8221;87&#8243; padding_bottom=&#8221;30&#8243; use_row_as_full_screen_section=&#8221;no&#8221; parallax_content_width=&#8221;in_grid&#8221; angled_section=&#8221;no&#8221; angled_section_position=&#8221;both&#8221; angled_section_direction=&#8221;from_left_to_right&#8221; background_image_as_pattern=&#8221;without_pattern&#8221; background_color=&#8221;#ffffff&#8221; row_negative_margin=&#8221;&#8221;][vc_column width=&#8221;1\/1&#8243;][vc_row_inner][vc_column_inner width=&#8221;1\/1&#8243;][vc_separator type=&#8221;transparent&#8221; position=&#8221;center&#8221; up=&#8221;56&#8243; down=&#8221;0&#8243;][\/vc_column_inner][\/vc_row_inner][\/vc_column][\/vc_row]<\/p>\n","protected":false},"author":1,"featured_media":0,"parent":0,"menu_order":0,"comment_status":"open","ping_status":"open","template":"","meta":[],"_links":{"self":[{"href":"http:\/\/blaservices.com.mx\/inicio\/wp-json\/wp\/v2\/pages\/13687"}],"collection":[{"href":"http:\/\/blaservices.com.mx\/inicio\/wp-json\/wp\/v2\/pages"}],"about":[{"href":"http:\/\/blaservices.com.mx\/inicio\/wp-json\/wp\/v2\/types\/page"}],"author":[{"embeddable":true,"href":"http:\/\/blaservices.com.mx\/inicio\/wp-json\/wp\/v2\/users\/1"}],"replies":[{"embeddable":true,"href":"http:\/\/blaservices.com.mx\/inicio\/wp-json\/wp\/v2\/comments?post=13687"}],"version-history":[{"count":14,"href":"http:\/\/blaservices.com.mx\/inicio\/wp-json\/wp\/v2\/pages\/13687\/revisions"}],"predecessor-version":[{"id":15003,"href":"http:\/\/blaservices.com.mx\/inicio\/wp-json\/wp\/v2\/pages\/13687\/revisions\/15003"}],"wp:attachment":[{"href":"http:\/\/blaservices.com.mx\/inicio\/wp-json\/wp\/v2\/media?parent=13687"}],"curies":[{"name":"wp","href":"https:\/\/api.w.org\/{rel}","templated":true}]}}