{"id":14877,"date":"2011-07-05T18:57:59","date_gmt":"2011-07-05T23:57:59","guid":{"rendered":"http:\/\/blaservices.com.mx\/premium\/?page_id=143"},"modified":"2015-12-18T19:43:52","modified_gmt":"2015-12-18T19:43:52","slug":"correduria-publica-11","status":"publish","type":"page","link":"http:\/\/blaservices.com.mx\/inicio\/correduria-publica-11\/","title":{"rendered":"Corredur\u00eda P\u00fablica 11"},"content":{"rendered":"<p>[vc_row row_type=&#8221;row&#8221; use_row_as_full_screen_section=&#8221;no&#8221; type=&#8221;full_width&#8221; parallax_content_width=&#8221;in_grid&#8221; angled_section=&#8221;no&#8221; angled_section_position=&#8221;both&#8221; angled_section_direction=&#8221;from_left_to_right&#8221; text_align=&#8221;left&#8221; background_image_as_pattern=&#8221;without_pattern&#8221; background_color=&#8221;#ffffff&#8221; row_negative_margin=&#8221;&#8221;][vc_column width=&#8221;1\/1&#8243;][vc_accordion collapsible=&#8221;&#8221; style=&#8221;accordion&#8221; title=&#8221;Servicio&#8221;][vc_accordion_tab title=&#8221;Servicios&#8221;][vc_row_inner row_type=&#8221;row&#8221; use_as_box=&#8221;&#8221; type=&#8221;full_width&#8221; anchor=&#8221;&#8221; text_align=&#8221;left&#8221; background_color=&#8221;&#8221; background_image=&#8221;&#8221; section_height=&#8221;&#8221; border_color=&#8221;&#8221; row_negative_margin=&#8221;&#8221; side_padding=&#8221;&#8221; padding_top=&#8221;&#8221; padding_bottom=&#8221;&#8221; more_button_label=&#8221;&#8221; less_button_label=&#8221;&#8221; button_position=&#8221;&#8221; color=&#8221;&#8221; css_animation=&#8221;&#8221; transition_delay=&#8221;&#8221;][vc_column_inner el_class=&#8221;&#8221; width=&#8221;1\/2&#8243;][vc_single_image image=&#8221;15021&#8243; style=&#8221;vc_box_outline&#8221; border_color=&#8221;grey&#8221; img_link_large=&#8221;&#8221; img_link_target=&#8221;_self&#8221; img_size=&#8221;full&#8221;][vc_empty_space height=&#8221;32px&#8221; image_repeat=&#8221;no-repeat&#8221;][vc_column_text]<strong>Contacto: Dr. Miguel A Marmolejo<\/strong><\/p>\n<p>Av Ags Pte 101-1 Cp 20070, A Un Costado Cristo Redentor, San Marcos, Aguascalientes, Ags<\/p>\n<p>&nbsp;<\/p>\n<p>Tel\u00e9fonos: 52 (449) 9180861 y 9182366.<br \/>\ne-mail:\u00a0<a href=\"mailto:mmarmolejo@correduria11ags.com.mx\">mmarmolejo@blaservices.com.mx<\/a><br \/>\ne-mail:\u00a0<a href=\"mailto:mmarmolejo@correduria11ags.com.mx\">mmarmolejo@correduria11ags.com.mx<\/a>[\/vc_column_text][\/vc_column_inner][vc_column_inner el_class=&#8221;&#8221; width=&#8221;1\/2&#8243;][vc_column_text]<\/p>\n<div id=\"L11servr10c7\">\n<p>En t\u00e9rminos de la Ley Federal de Corredur\u00eda P\u00fablica, Art\u00edculo 6, al Corredor P\u00fablico le corresponde:<\/p>\n<ol>\n<li><strong>Actuar como agente mediador<\/strong>, para transmitir e intercambiar propuestas entre dos o m\u00e1s partes y asesorar en la celebraci\u00f3n o ajuste de cualquier contrato o convenio de naturaleza mercantil;<\/li>\n<li><strong>Fungir como perito valuador<\/strong>, para estimar, cuantificar y valorar los bienes, servicios, derechos y obligaciones que se sometan a su consideraci\u00f3n, por nombramiento privado o por mandato de autoridad competente;\u00a0<strong>entre otros dict\u00e1menes, aval\u00faos para efectos de ISABI, aval\u00faos de mejoras en t\u00e9rminos de la Ley del Impuesto sobre la Renta y Reglamento del C\u00f3digo Fiscal de la Federaci\u00f3n, Aval\u00faos para garantizar el inter\u00e9s fiscal, Aval\u00faos para determinar el valor de la Marca, Negocios en Marcha, entre otros.<\/strong><\/li>\n<li><strong>Asesorar jur\u00eddicamente<\/strong>\u00a0a los comerciantes en las actividades propias del comercio;<\/li>\n<li><strong>Actuar como \u00e1rbitro<\/strong>, a solicitud de las partes, en la soluci\u00f3n de controversias derivadas de actos, contratos o convenios de naturaleza mercantil, as\u00ed como las que resulten entre proveedores y consumidores, de acuerdo con la ley de la materia;<\/li>\n<li><strong>Actuar como fedatario p\u00fablico para hacer constar los contratos, convenios y actos jur\u00eddicos de naturaleza mercantil<\/strong>, excepto en trat\u00e1ndose de inmuebles, as\u00ed como en la emisi\u00f3n de obligaciones y otros t\u00edtulos valor; en hipotecas sobre buques, nav\u00edos y aeronaves que se celebren ante \u00e9l, as\u00ed como para hacer constar los hechos de naturaleza mercantil;<\/li>\n<li><strong>Actuar como fedatario en la constituci\u00f3n y en los dem\u00e1s actos previstos por la Ley General de Sociedades Mercantiles\u00a0<\/strong>incluso aquellos en los que se haga constar la representaci\u00f3n org\u00e1nica;<\/li>\n<li><strong>Cotejar y certificar<\/strong>\u00a0las copias de las p\u00f3lizas o actas que hayan sido otorgadas ante ellos, as\u00ed como de los documentos que hayan tenido a la vista que sean de los referidos en los art\u00edculos 33 a 50 del C\u00f3digo de Comercio, y<\/li>\n<li>Las dem\u00e1s funciones que le se\u00f1alen \u00e9sta y otras leyes o reglamentos.<\/li>\n<\/ol>\n<\/div>\n<div id=\"L11servr15c7\">\n<p>De igual forma, la Corredur\u00eda P\u00fablica 11 Plaza Aguascalientes, cuenta con una alianza estrat\u00e9gica con\u00a0<strong>diversas Notarias P\u00fablicas<\/strong>\u00a0de Aguascalientes\u00a0<strong>a fin de lograr la amplitud<\/strong>\u00a0la amplitud y consolidaci\u00f3n de los servicios de Fe P\u00fablica.<\/p>\n<\/div>\n<p>[\/vc_column_text][\/vc_column_inner][\/vc_row_inner][\/vc_accordion_tab][vc_accordion_tab title=&#8221;Acerca de la Corredur\u00eda P\u00fablica&#8221;][vc_row_inner row_type=&#8221;row&#8221; use_as_box=&#8221;&#8221; type=&#8221;full_width&#8221; anchor=&#8221;&#8221; text_align=&#8221;left&#8221; background_color=&#8221;&#8221; background_image=&#8221;&#8221; section_height=&#8221;&#8221; border_color=&#8221;&#8221; row_negative_margin=&#8221;&#8221; side_padding=&#8221;&#8221; padding_top=&#8221;&#8221; padding_bottom=&#8221;&#8221; more_button_label=&#8221;&#8221; less_button_label=&#8221;&#8221; button_position=&#8221;&#8221; color=&#8221;&#8221; css_animation=&#8221;&#8221; transition_delay=&#8221;&#8221;][vc_column_inner el_class=&#8221;&#8221; width=&#8221;1\/2&#8243;][vc_single_image image=&#8221;15013&#8243; style=&#8221;vc_box_outline&#8221; border_color=&#8221;grey&#8221; img_link_large=&#8221;&#8221; img_link_target=&#8221;_self&#8221; img_size=&#8221;full&#8221;][vc_empty_space height=&#8221;32px&#8221; image_repeat=&#8221;no-repeat&#8221;][vc_single_image image=&#8221;15014&#8243; style=&#8221;vc_box_outline&#8221; border_color=&#8221;grey&#8221; img_link_large=&#8221;&#8221; img_link_target=&#8221;_self&#8221; img_size=&#8221;full&#8221;][vc_empty_space height=&#8221;32px&#8221; image_repeat=&#8221;no-repeat&#8221;][vc_single_image image=&#8221;15016&#8243; style=&#8221;vc_box_outline&#8221; border_color=&#8221;grey&#8221; img_link_large=&#8221;&#8221; img_link_target=&#8221;_self&#8221; img_size=&#8221;full&#8221;][vc_empty_space height=&#8221;32px&#8221; image_repeat=&#8221;no-repeat&#8221;][vc_single_image image=&#8221;15019&#8243; style=&#8221;vc_box_outline&#8221; border_color=&#8221;grey&#8221; img_link_large=&#8221;&#8221; img_link_target=&#8221;_self&#8221; img_size=&#8221;full&#8221;][\/vc_column_inner][vc_column_inner el_class=&#8221;&#8221; width=&#8221;1\/2&#8243;][vc_column_text]<\/p>\n<div id=\"publica11r10c8\">\n<p><strong>Acerca de la corredur\u00eda P\u00fablica<\/strong><\/p>\n<p>La Secretar\u00eda de Econom\u00eda es responsable de la aplicaci\u00f3n de la Ley Federal de Corredur\u00eda P\u00fablica; por conducto de la Direcci\u00f3n General de Normatividad Mercantil habilita a los Corredores P\u00fablicos, previo el cumplimiento de los requisitos establecidos en la propia ley y supervisa sus funciones.<br \/>\nEl Corredor P\u00fablico es un auxiliar del comercio, brinda a las peque\u00f1as, medianas y grandes empresas, servicios jur\u00eddicos para agilizar y dar certeza en sus negocios comerciales.<br \/>\nEs un profesional del Derecho, que funge como agente mediador, perito valuador, asesor jur\u00eddico de comerciantes, \u00e1rbitro y fedatario p\u00fablico; en la actualidad se encuentran habilitados Corredores P\u00fablicos en todas las plazas de la Rep\u00fablica Mexicana, coadyuvando en el desarrollo de las actividades comerciales de la entidad federativa donde se ubican.<\/p>\n<p>&nbsp;<\/p>\n<p><strong>Or\u00edgenes del Corredor P\u00fablico<\/strong><\/p>\n<p>El Corredor P\u00fablico siempre ha satisfecho una necesidad social y econ\u00f3mica. En la historia de las antiguas civilizaciones como la egipcia, fenicia, griega o romana, estuvo presente dentro de su comercio un experto en mercader\u00edas que cumpl\u00eda con varias funciones; desde las primeras leyes que regularon al Corredor P\u00fablico, se le otorgaron funciones b\u00e1sicas que hasta la fecha conserva y que son: mediador, fedatario p\u00fablico y perito legal (valuador).<\/p>\n<\/div>\n<div id=\"publica11r12c18\">\n<div id=\"twtr-widget-1\">\n<div>\n<div><a href=\"http:\/\/twitter.com\/\" target=\"_blank\"><img decoding=\"async\" src=\"http:\/\/widgets.twimg.com\/j\/1\/default.gif\" alt=\"profile\" \/><\/a><\/div>\n<\/div>\n<\/div>\n<\/div>\n<div id=\"publica11r15c8\">\u2022 Mediaci\u00f3n o corretaje ya que se le consideraba un experto en mercader\u00edas y pon\u00eda en contacto a vendedores y compradores.<br \/>\n\u2022 Fe p\u00fablica al autenticar o hacer constar en tabletas de arcilla o de papiro los inventarios de mercader\u00edas y las transacciones en las que interven\u00eda.<br \/>\n\u2022 Valuaci\u00f3n ya que al ser experto en mercader\u00edas pod\u00eda determinar el valor de las mismas en las operaciones comerciales.<\/div>\n<div><\/div>\n<p>Los Corredores vigilaban los mercados y a los mercaderes, velaban por la buena marcha de las operaciones mercantiles; ten\u00edan autoridad en cuestiones de calidad, pesas y medidas, se constitu\u00edan en auxiliares de la fiscal\u00eda local, investigaban fraudes y ejecutaban embargos.<br \/>\nEl emperador Carlos V por Real C\u00e9dula de 1527 instituy\u00f3 el oficio de Corredor P\u00fablico.<br \/>\nComo consecuencia de la C\u00e9dula Real de 23 de abril de 1764, se dict\u00f3 un \u201cReglamento de Corredores\u201d. En dicho Reglamento se encuentra el antecedente de la organizaci\u00f3n del Colegio de Corredores, al establecer que de entre los Corredores de n\u00famero, el Tribunal nombrar\u00e1 un Corredor Mayor.<\/p>\n<p>&nbsp;<\/p>\n<p><strong>El Corredor P\u00fablico despu\u00e9s de la Independencia de M\u00e9xico<\/strong><\/p>\n<p>Fueron las Ordenanzas de Bilbao (cuya aplicaci\u00f3n se extendi\u00f3 a la Nueva Espa\u00f1a en \u00f3rdenes de 22 de febrero de 1792 y 27 de abril de 1801) las que rigieron en M\u00e9xico, con algunas intermitencias; despu\u00e9s de la Independencia y hasta 1884, se reglament\u00f3 la profesi\u00f3n de Corredor, sin otras limitaciones que las relativas al nombramiento y a la fijaci\u00f3n del n\u00famero que conforme a la Real C\u00e9dula citada correspond\u00eda al Ayuntamiento.<br \/>\nPor decreto de 15 de noviembre de 1841, se crearon las Juntas de Comercio y Tribunales Mercantiles, y el nombramiento de Corredores pas\u00f3 a ser atribuci\u00f3n de dichas Juntas. El 11 de marzo de 1842, se expidi\u00f3 un nuevo Reglamento y Arancel, en el cual por primera vez se establecieron diversos ramos de la Corredur\u00eda, asignando a cada uno la fianza correspondiente.<\/p>\n<p>&nbsp;<\/p>\n<p><strong>El Corredor P\u00fablico en los C\u00f3digos de Comercio de 1854 y 1884<\/strong><\/p>\n<p>Al publicarse el primer C\u00f3digo Mercantil en 1854, se le concedieron al Ministerio de Fomento las facultades relativas a la reglamentaci\u00f3n de Corredores y al efecto se expidi\u00f3 el Reglamento y Arancel el 13 de julio de 1854, vigente hasta la promulgaci\u00f3n del C\u00f3digo de Comercio de 1884.<\/p>\n<p>&nbsp;<\/p>\n<p><strong>El Corredor P\u00fablico en el C\u00f3digo de Comercio de 1889<\/strong><\/p>\n<p>El 15 de septiembre de 1889 se expidi\u00f3 el C\u00f3digo de Comercio actual, en el cual se dej\u00f3 al Ministerio de Fomento la facultad de expedir los t\u00edtulos de habilitaci\u00f3n de Corredor P\u00fablico respectivos en el Distrito Federal.<\/p>\n<p>&nbsp;<\/p>\n<p><strong>El Corredor P\u00fablico en el presente<\/strong><\/p>\n<p>En la actualidad, con la expedici\u00f3n de la Ley Federal de Corredur\u00eda P\u00fablica de fecha 29 de diciembre de 1992, en vigor desde el 28 de enero de 1993 y su Reglamento de fecha 4 de junio de 1993, se derogaron las disposiciones que en materia de Corredur\u00eda P\u00fablica regulaba el C\u00f3digo de Comercio, ampli\u00e1ndose sus funciones y surgiendo una nueva Corredur\u00eda P\u00fablica Mexicana de car\u00e1cter federal.<br \/>\nPara mayor informaci\u00f3n ir a la siguiente p\u00e1gina de internet:<\/p>\n<p><a href=\"http:\/\/www.correduriapublica.gob.mx\/correduria\/\" target=\"_blank\">http:\/\/www.correduriapublica.gob.mx\/correduria\/<\/a>[\/vc_column_text][\/vc_column_inner][\/vc_row_inner][\/vc_accordion_tab][\/vc_accordion][vc_empty_space height=&#8221;32px&#8221; image_repeat=&#8221;no-repeat&#8221;][\/vc_column][\/vc_row]<\/p>\n","protected":false},"excerpt":{"rendered":"<p>[vc_row row_type=&#8221;row&#8221; use_row_as_full_screen_section=&#8221;no&#8221; type=&#8221;full_width&#8221; parallax_content_width=&#8221;in_grid&#8221; angled_section=&#8221;no&#8221; angled_section_position=&#8221;both&#8221; angled_section_direction=&#8221;from_left_to_right&#8221; text_align=&#8221;left&#8221; background_image_as_pattern=&#8221;without_pattern&#8221; background_color=&#8221;#ffffff&#8221; row_negative_margin=&#8221;&#8221;][vc_column width=&#8221;1\/1&#8243;][vc_accordion collapsible=&#8221;&#8221; style=&#8221;accordion&#8221; title=&#8221;Servicio&#8221;][vc_accordion_tab title=&#8221;Servicios&#8221;][vc_row_inner row_type=&#8221;row&#8221; use_as_box=&#8221;&#8221; type=&#8221;full_width&#8221; anchor=&#8221;&#8221; text_align=&#8221;left&#8221; background_color=&#8221;&#8221; background_image=&#8221;&#8221; section_height=&#8221;&#8221; border_color=&#8221;&#8221; row_negative_margin=&#8221;&#8221; side_padding=&#8221;&#8221; padding_top=&#8221;&#8221; padding_bottom=&#8221;&#8221; more_button_label=&#8221;&#8221; less_button_label=&#8221;&#8221; button_position=&#8221;&#8221; color=&#8221;&#8221; css_animation=&#8221;&#8221; transition_delay=&#8221;&#8221;][vc_column_inner el_class=&#8221;&#8221; width=&#8221;1\/2&#8243;][vc_single_image image=&#8221;15021&#8243; style=&#8221;vc_box_outline&#8221; border_color=&#8221;grey&#8221; img_link_large=&#8221;&#8221; img_link_target=&#8221;_self&#8221; img_size=&#8221;full&#8221;][vc_empty_space height=&#8221;32px&#8221;&#8230;<\/p>\n","protected":false},"author":2,"featured_media":0,"parent":0,"menu_order":0,"comment_status":"closed","ping_status":"open","template":"","meta":[],"_links":{"self":[{"href":"http:\/\/blaservices.com.mx\/inicio\/wp-json\/wp\/v2\/pages\/14877"}],"collection":[{"href":"http:\/\/blaservices.com.mx\/inicio\/wp-json\/wp\/v2\/pages"}],"about":[{"href":"http:\/\/blaservices.com.mx\/inicio\/wp-json\/wp\/v2\/types\/page"}],"author":[{"embeddable":true,"href":"http:\/\/blaservices.com.mx\/inicio\/wp-json\/wp\/v2\/users\/2"}],"replies":[{"embeddable":true,"href":"http:\/\/blaservices.com.mx\/inicio\/wp-json\/wp\/v2\/comments?post=14877"}],"version-history":[{"count":12,"href":"http:\/\/blaservices.com.mx\/inicio\/wp-json\/wp\/v2\/pages\/14877\/revisions"}],"predecessor-version":[{"id":15227,"href":"http:\/\/blaservices.com.mx\/inicio\/wp-json\/wp\/v2\/pages\/14877\/revisions\/15227"}],"wp:attachment":[{"href":"http:\/\/blaservices.com.mx\/inicio\/wp-json\/wp\/v2\/media?parent=14877"}],"curies":[{"name":"wp","href":"https:\/\/api.w.org\/{rel}","templated":true}]}}