{"id":15041,"date":"2015-12-10T19:32:51","date_gmt":"2015-12-10T19:32:51","guid":{"rendered":"http:\/\/blaservices.com.mx\/inicio\/?page_id=15041"},"modified":"2015-12-30T19:04:08","modified_gmt":"2015-12-30T19:04:08","slug":"bla-services","status":"publish","type":"page","link":"http:\/\/blaservices.com.mx\/inicio\/bla-services\/","title":{"rendered":"BLA Services"},"content":{"rendered":"<p>[vc_row row_type=&#8221;row&#8221; use_row_as_full_screen_section=&#8221;no&#8221; type=&#8221;full_width&#8221; header_style=&#8221;&#8221; parallax_content_width=&#8221;in_grid&#8221; anchor=&#8221;&#8221; in_content_menu=&#8221;&#8221; content_menu_title=&#8221;&#8221; content_menu_icon=&#8221;&#8221; angled_section=&#8221;no&#8221; angled_section_position=&#8221;both&#8221; angled_section_direction=&#8221;from_left_to_right&#8221; text_align=&#8221;left&#8221; video=&#8221;&#8221; video_overlay=&#8221;&#8221; video_overlay_image=&#8221;&#8221; video_webm=&#8221;&#8221; video_mp4=&#8221;&#8221; video_ogv=&#8221;&#8221; video_image=&#8221;&#8221; background_image=&#8221;&#8221; background_image_as_pattern=&#8221;without_pattern&#8221; section_height=&#8221;&#8221; parallax_speed=&#8221;&#8221; background_color=&#8221;&#8221; border_color=&#8221;&#8221; row_negative_margin=&#8221;&#8221; side_padding=&#8221;&#8221; parallax_side_padding=&#8221;&#8221; padding_top=&#8221;&#8221; padding_bottom=&#8221;&#8221; color=&#8221;&#8221; hover_color=&#8221;&#8221; more_button_label=&#8221;&#8221; less_button_label=&#8221;&#8221; button_position=&#8221;&#8221; css_animation=&#8221;&#8221; transition_delay=&#8221;&#8221;][vc_column width=&#8221;1\/1&#8243;][vc_accordion collapsible=&#8221;&#8221; style=&#8221;accordion&#8221; accordion_border_radius=&#8221;&#8221;][vc_accordion_tab title=&#8221;Acerca de BLA Services&#8221;][vc_row_inner row_type=&#8221;row&#8221; use_as_box=&#8221;&#8221; type=&#8221;full_width&#8221; anchor=&#8221;&#8221; text_align=&#8221;left&#8221; background_color=&#8221;&#8221; background_image=&#8221;&#8221; section_height=&#8221;&#8221; border_color=&#8221;&#8221; row_negative_margin=&#8221;&#8221; side_padding=&#8221;&#8221; padding_top=&#8221;&#8221; padding_bottom=&#8221;&#8221; more_button_label=&#8221;&#8221; less_button_label=&#8221;&#8221; button_position=&#8221;&#8221; color=&#8221;&#8221; css_animation=&#8221;&#8221; transition_delay=&#8221;&#8221;][vc_column_inner el_class=&#8221;&#8221; width=&#8221;1\/2&#8243;][vc_single_image image=&#8221;15042&#8243; style=&#8221;vc_box_border&#8221; border_color=&#8221;grey&#8221; img_link_large=&#8221;&#8221; img_link_target=&#8221;_self&#8221; img_size=&#8221;full&#8221; qode_css_animation=&#8221;element_from_fade&#8221;][vc_empty_space height=&#8221;32px&#8221; image_repeat=&#8221;no-repeat&#8221;][vc_column_text]<strong>Contacto: Dr. Miguel A Marmolejo<\/strong><\/p>\n<p>Av Ags Pte 101-1 Cp 20070, A Un Costado Cristo Redentor, San Marcos, Aguascalientes, Ags<\/p>\n<p>Tel\u00e9fonos: 52 (449) 9180861 y 9182366.<br \/>\ne-mail:\u00a0<a href=\"mailto:mmarmolejo@correduria11ags.com.mx\">mmarmolejo@blaservices.com.mx<\/a><br \/>\ne-mail:\u00a0<a href=\"mailto:mmarmolejo@correduria11ags.com.mx\">mmarmolejo@correduria11ags.com.mx<\/a>[\/vc_column_text][\/vc_column_inner][vc_column_inner el_class=&#8221;&#8221; width=&#8221;1\/2&#8243;][vc_column_text]La Ciudad de Aguascalientes, Ags., como capital de los negocios regionales e internacionales, requiere de profesionales altamente calificados y especializados en negocios, cuestiones legales y t\u00e9cnica de valuaci\u00f3n, que al integrarse estos 3 elementos, se genera la prestaci\u00f3n de un servicio consolidado, con lo cual se ofrecen soluciones y resultados innovadores y competitivos, sin dejar de tomar en cuenta la administraci\u00f3n de riesgos y el an\u00e1lisis de costo-beneficio, permitiendo al cliente la toma de la mejor decisi\u00f3n al caso concreto, lo anterior con base a la alternativa m\u00e1s acorde a su necesidad.<\/p>\n<p>Por ello, los Socios Fundadores han creado un concepto que permite integrar estas 3 visiones en una sola Firma bajo un esquema de servicio personalizado, con ello el cliente tiene a su disposici\u00f3n una\u00a0<strong>estrategia perif\u00e9rica<\/strong>\u00a0respecto del negocio planteado.<\/p>\n<p>Las Oficinas Corporativas de<strong>\u00a0BLA<\/strong>\u00a0se encuentran localizadas en la Ciudad de M\u00e9xico, Distrito Federal; de igual forma se cuenta con una Oficina Regional en la Ciudad de Aguascalientes, Ags., permiti\u00e9ndole a la Firma despachar la Zona del Baj\u00edo, como una zona com\u00fan, a nivel Nacional e Internacional, bajo el esquema de Alianzas Estrat\u00e9gicas.[\/vc_column_text][\/vc_column_inner][\/vc_row_inner][\/vc_accordion_tab][vc_accordion_tab title=&#8221;Servicios&#8221;][vc_row_inner row_type=&#8221;row&#8221; use_as_box=&#8221;&#8221; type=&#8221;full_width&#8221; anchor=&#8221;&#8221; text_align=&#8221;left&#8221; background_color=&#8221;&#8221; background_image=&#8221;&#8221; section_height=&#8221;&#8221; border_color=&#8221;&#8221; row_negative_margin=&#8221;&#8221; side_padding=&#8221;&#8221; padding_top=&#8221;&#8221; padding_bottom=&#8221;&#8221; more_button_label=&#8221;&#8221; less_button_label=&#8221;&#8221; button_position=&#8221;&#8221; color=&#8221;&#8221; css_animation=&#8221;&#8221; transition_delay=&#8221;&#8221;][vc_column_inner el_class=&#8221;&#8221; width=&#8221;1\/2&#8243;][vc_single_image image=&#8221;15047&#8243; style=&#8221;vc_box_border&#8221; border_color=&#8221;grey&#8221; img_link_large=&#8221;&#8221; img_link_target=&#8221;_self&#8221; img_size=&#8221;full&#8221;][vc_empty_space height=&#8221;32px&#8221; background_image=&#8221;&#8221; image_repeat=&#8221;no-repeat&#8221;][vc_single_image image=&#8221;15046&#8243; style=&#8221;vc_box_border&#8221; border_color=&#8221;grey&#8221; img_link_large=&#8221;&#8221; img_link_target=&#8221;_self&#8221; qode_css_animation=&#8221;element_from_fade&#8221; img_size=&#8221;full&#8221;][\/vc_column_inner][vc_column_inner el_class=&#8221;&#8221; width=&#8221;1\/2&#8243;][vc_column_text]<strong>A. Litigio Estrat\u00e9gico.<\/strong><\/p>\n<p><strong>B. Servicios de Cabildeo Legislativo.<\/strong><\/p>\n<p><strong>C. Servicios de Traducci\u00f3n Legal Espa\u00f1ol-Ingl\u00e9s-Espa\u00f1ol.<\/strong><\/p>\n<p><strong>D. Soluciones Integrales Corporativas<\/strong><\/p>\n<p><em>Servicios Legales<\/em><\/p>\n<ol>\n<li>Consultor\u00eda en general en materia Corporativa, Financiera (Entidades Reguladas y no Reguladas), Inversi\u00f3n Extranjera, Fiscal y en Derecho para los Negocios Internacionales.<\/li>\n<li>M&amp;A, Societario (Gobierno Corporativo)-Contractual-Migraci\u00f3n.<\/li>\n<li>Propiedad Intelectual.<\/li>\n<li>Concursos Mercantiles.<\/li>\n<li>Competencia Econ\u00f3mica.<\/li>\n<li>Auditor\u00edas Legales as\u00ed como de Pol\u00edticas &amp; Procedimientos.<\/li>\n<li>Abogado Virtual &amp; Auditor independiente de cuentas legales bajo la administraci\u00f3n del\u00a0<a href=\"http:\/\/elegal.sytes.net\"><strong>e-legal<\/strong><\/a>.<\/li>\n<li>Consultor\u00eda &amp; ejecuci\u00f3n de estrategias en Litigio Mercantil-Administrativo, \u00e1mbito Local y Federal.<\/li>\n<li>An\u00e1lisis de predicci\u00f3n de resultados adversos o favorables en litigios y estructuras corporativas complejas.<\/li>\n<li>Negociadores y conciliadores en reestructuraci\u00f3n de deudas, incluso por cualquier medio alternativo de soluci\u00f3n de controversias.<\/li>\n<li>Consultor\u00eda Corporativa en negocios conforme derecho norteamericano, en tr\u00e1mites Notariales, planes de re-organizaci\u00f3n de adeudos conforme al Cap\u00edtulo 11 de Bancarrota, ejecuci\u00f3n de Laudos Arbitrales y Sentencias Extranjeras M\u00e9xico-US-M\u00e9xico, as\u00ed como enlace con abogados corporativos y litigantes en los Estados Unidos de Am\u00e9rica.<\/li>\n<li>El Dr. Marmolejo ha trabajado casos con la prestigiosa firma Eaton &amp; Van Winkle LLP fundada en 1820 ubicada en Manhattan Nueva York.<\/li>\n<\/ol>\n<p>&nbsp;<\/p>\n<p><strong>Servicios de Valuaci\u00f3n<\/strong><\/p>\n<p>1. Auditor\u00edas de Valor, ya sea de Garant\u00edas, de Riesgos, de Hombres-Clave, entre otros.<br \/>\n2. Dict\u00e1menes Auditados de otros peritos valuadores, servicios privados de terceros en discordia, v\u00eda medios alternativos de soluci\u00f3n de controversias.<br \/>\n3. Aval\u00faos Especializados: Aval\u00fao VAI, de Negocio en Marcha, Intangibles, Maquinaria, Agropecuarios,<\/p>\n<p>&nbsp;<\/p>\n<p><a href=\"http:\/\/blaservices.com.mx\/inicio\/corporacion-internacional-de-avaluos-2\/\"><strong>Favor de remitirse a la secci\u00f3n de Corporaci\u00f3n Internacional de Aval\u00faos.<\/strong><\/a>[\/vc_column_text][\/vc_column_inner][\/vc_row_inner][\/vc_accordion_tab][\/vc_accordion][\/vc_column][\/vc_row][vc_row row_type=&#8221;row&#8221; use_row_as_full_screen_section=&#8221;no&#8221; type=&#8221;full_width&#8221; header_style=&#8221;&#8221; parallax_content_width=&#8221;in_grid&#8221; anchor=&#8221;&#8221; in_content_menu=&#8221;&#8221; content_menu_title=&#8221;&#8221; content_menu_icon=&#8221;&#8221; angled_section=&#8221;no&#8221; angled_section_position=&#8221;both&#8221; angled_section_direction=&#8221;from_left_to_right&#8221; text_align=&#8221;left&#8221; video=&#8221;&#8221; video_overlay=&#8221;&#8221; video_overlay_image=&#8221;&#8221; video_webm=&#8221;&#8221; video_mp4=&#8221;&#8221; video_ogv=&#8221;&#8221; video_image=&#8221;&#8221; background_image=&#8221;&#8221; background_image_as_pattern=&#8221;without_pattern&#8221; section_height=&#8221;&#8221; parallax_speed=&#8221;&#8221; background_color=&#8221;&#8221; border_color=&#8221;&#8221; row_negative_margin=&#8221;&#8221; side_padding=&#8221;&#8221; parallax_side_padding=&#8221;&#8221; padding_top=&#8221;&#8221; padding_bottom=&#8221;&#8221; color=&#8221;&#8221; hover_color=&#8221;&#8221; more_button_label=&#8221;&#8221; less_button_label=&#8221;&#8221; button_position=&#8221;&#8221; css_animation=&#8221;&#8221; transition_delay=&#8221;&#8221;][vc_column width=&#8221;1\/1&#8243;][vc_empty_space height=&#8221;32px&#8221; image_repeat=&#8221;no-repeat&#8221;][\/vc_column][\/vc_row]<\/p>\n","protected":false},"excerpt":{"rendered":"<p>[vc_row row_type=&#8221;row&#8221; use_row_as_full_screen_section=&#8221;no&#8221; type=&#8221;full_width&#8221; header_style=&#8221;&#8221; parallax_content_width=&#8221;in_grid&#8221; anchor=&#8221;&#8221; in_content_menu=&#8221;&#8221; content_menu_title=&#8221;&#8221; content_menu_icon=&#8221;&#8221; angled_section=&#8221;no&#8221; angled_section_position=&#8221;both&#8221; angled_section_direction=&#8221;from_left_to_right&#8221; text_align=&#8221;left&#8221; video=&#8221;&#8221; video_overlay=&#8221;&#8221; video_overlay_image=&#8221;&#8221; video_webm=&#8221;&#8221; video_mp4=&#8221;&#8221; video_ogv=&#8221;&#8221; video_image=&#8221;&#8221; background_image=&#8221;&#8221; background_image_as_pattern=&#8221;without_pattern&#8221; section_height=&#8221;&#8221; parallax_speed=&#8221;&#8221; background_color=&#8221;&#8221; border_color=&#8221;&#8221; row_negative_margin=&#8221;&#8221; side_padding=&#8221;&#8221; parallax_side_padding=&#8221;&#8221; padding_top=&#8221;&#8221; padding_bottom=&#8221;&#8221; color=&#8221;&#8221; hover_color=&#8221;&#8221; more_button_label=&#8221;&#8221; less_button_label=&#8221;&#8221; button_position=&#8221;&#8221; css_animation=&#8221;&#8221; transition_delay=&#8221;&#8221;][vc_column width=&#8221;1\/1&#8243;][vc_accordion collapsible=&#8221;&#8221; style=&#8221;accordion&#8221; accordion_border_radius=&#8221;&#8221;][vc_accordion_tab title=&#8221;Acerca de&#8230;<\/p>\n","protected":false},"author":1,"featured_media":0,"parent":0,"menu_order":0,"comment_status":"closed","ping_status":"closed","template":"","meta":[],"_links":{"self":[{"href":"http:\/\/blaservices.com.mx\/inicio\/wp-json\/wp\/v2\/pages\/15041"}],"collection":[{"href":"http:\/\/blaservices.com.mx\/inicio\/wp-json\/wp\/v2\/pages"}],"about":[{"href":"http:\/\/blaservices.com.mx\/inicio\/wp-json\/wp\/v2\/types\/page"}],"author":[{"embeddable":true,"href":"http:\/\/blaservices.com.mx\/inicio\/wp-json\/wp\/v2\/users\/1"}],"replies":[{"embeddable":true,"href":"http:\/\/blaservices.com.mx\/inicio\/wp-json\/wp\/v2\/comments?post=15041"}],"version-history":[{"count":7,"href":"http:\/\/blaservices.com.mx\/inicio\/wp-json\/wp\/v2\/pages\/15041\/revisions"}],"predecessor-version":[{"id":15300,"href":"http:\/\/blaservices.com.mx\/inicio\/wp-json\/wp\/v2\/pages\/15041\/revisions\/15300"}],"wp:attachment":[{"href":"http:\/\/blaservices.com.mx\/inicio\/wp-json\/wp\/v2\/media?parent=15041"}],"curies":[{"name":"wp","href":"https:\/\/api.w.org\/{rel}","templated":true}]}}